{"id":2287,"date":"2022-02-23T08:08:39","date_gmt":"2022-02-23T08:08:39","guid":{"rendered":"https:\/\/bungartz-einrichtung.de\/?page_id=2287"},"modified":"2022-03-10T09:16:29","modified_gmt":"2022-03-10T09:16:29","slug":"beauty","status":"publish","type":"page","link":"https:\/\/bungartz-einrichtung.de\/?page_id=2287","title":{"rendered":"Beauty"},"content":{"rendered":"<p>[et_pb_section fb_built=&#8220;1&#8243; _builder_version=&#8220;3.22&#8243; global_colors_info=&#8220;{}&#8220;][et_pb_row _builder_version=&#8220;3.25&#8243; background_size=&#8220;initial&#8220; background_position=&#8220;top_left&#8220; background_repeat=&#8220;repeat&#8220; global_colors_info=&#8220;{}&#8220;][et_pb_column type=&#8220;4_4&#8243; _builder_version=&#8220;3.25&#8243; custom_padding=&#8220;|||&#8220; global_colors_info=&#8220;{}&#8220; custom_padding__hover=&#8220;|||&#8220;][et_pb_image src=&#8220;http:\/\/bungartz-einrichtung.de\/wp-content\/uploads\/2022\/03\/Beauty_001.jpg&#8220; title_text=&#8220;Beauty_001&#8243; show_bottom_space=&#8220;off&#8220; align=&#8220;center&#8220; force_fullwidth=&#8220;on&#8220; align_tablet=&#8220;center&#8220; align_phone=&#8220;center&#8220; align_last_edited=&#8220;on|desktop&#8220; _builder_version=&#8220;4.14.1&#8243; box_shadow_style=&#8220;preset2&#8243; always_center_on_mobile=&#8220;on&#8220; global_colors_info=&#8220;{}&#8220;][\/et_pb_image][\/et_pb_column][\/et_pb_row][\/et_pb_section][et_pb_section fb_built=&#8220;1&#8243; _builder_version=&#8220;3.22&#8243; global_colors_info=&#8220;{}&#8220;][et_pb_row _builder_version=&#8220;3.25&#8243; global_colors_info=&#8220;{}&#8220;][et_pb_column type=&#8220;4_4&#8243; _builder_version=&#8220;3.25&#8243; custom_padding=&#8220;|||&#8220; global_colors_info=&#8220;{}&#8220; custom_padding__hover=&#8220;|||&#8220;][et_pb_text _builder_version=&#8220;4.14.1&#8243; min_height=&#8220;46px&#8220; custom_padding=&#8220;||0px|||&#8220; global_colors_info=&#8220;{}&#8220;]<\/p>\n<h1 class=\"item__title\"><strong>WIR BIETEN DEN 360\u00b0 SERVICE F\u00dcR IHR BEAUTY-STUDIO<\/strong><\/h1>\n<p>&nbsp;<\/p>\n<p>[\/et_pb_text][et_pb_text _builder_version=&#8220;4.14.1&#8243; min_height=&#8220;192px&#8220; custom_margin=&#8220;-41px|||||&#8220; custom_padding=&#8220;0px|||||&#8220; border_width_top=&#8220;1px&#8220; border_width_right=&#8220;1px&#8220; border_width_bottom=&#8220;1px&#8220; global_colors_info=&#8220;{}&#8220;]<\/p>\n<p>Von einer pers\u00f6nlichen Betreuung vor Ort \u00fcber die Architektenplanung, Individual-M\u00f6bel-Entw\u00fcrfe, die Umbauunterst\u00fctzung bis zur Endmontage vor Ort.<\/p>\n<section class=\"section__hairdresser section__bg--full\">\n<div class=\"item__hairdresser item__bordered item__position--left item__bordered--right item__bg--gray\">\n<div class=\"item__content\">\n<div>\u00a0<\/div>\n<div class=\"item__text\">Beauty-Einrichtungen werden von unseren Innenarchitekten entworfen und <strong>mit gr\u00f6\u00dfter handwerklicher Expertise<\/strong> von uns \u00a0gefertigt. Wir gestalten Ihre R\u00e4ume und geben Ihnen ein ganz besonderes Ambiente.<\/div>\n<div>\u00a0<\/div>\n<div class=\"item__more link__more link__more--dark\">Alles aus einer Hand von Bungartz-Einrichtung so wie Sie es sich w\u00fcnschen.<\/div>\n<\/div>\n<\/div>\n<\/section>\n<p>[\/et_pb_text][et_pb_gallery gallery_ids=&#8220;2296,2295,2294,2293,2292,2299,2485&#8243; posts_number=&#8220;7&#8243; show_title_and_caption=&#8220;off&#8220; show_pagination=&#8220;off&#8220; zoom_icon_color=&#8220;#777777&#8243; _builder_version=&#8220;4.14.1&#8243; hover_enabled=&#8220;0&#8243; pagination_font_size_tablet=&#8220;51&#8243; pagination_line_height_tablet=&#8220;2&#8243; global_colors_info=&#8220;{}&#8220; sticky_enabled=&#8220;0&#8243;][\/et_pb_gallery][\/et_pb_column][\/et_pb_row][\/et_pb_section][et_pb_section fb_built=&#8220;1&#8243; _builder_version=&#8220;3.22&#8243; global_colors_info=&#8220;{}&#8220;][\/et_pb_section][et_pb_section fb_built=&#8220;1&#8243; _builder_version=&#8220;3.22&#8243; global_colors_info=&#8220;{}&#8220;][et_pb_row _builder_version=&#8220;3.25&#8243; global_colors_info=&#8220;{}&#8220;][et_pb_column type=&#8220;4_4&#8243; _builder_version=&#8220;3.25&#8243; custom_padding=&#8220;|||&#8220; global_colors_info=&#8220;{}&#8220; custom_padding__hover=&#8220;|||&#8220;][et_pb_image src=&#8220;http:\/\/bungartz-einrichtung.de\/wp-content\/uploads\/2022\/02\/Beauty_006.jpg&#8220; title_text=&#8220;Beauty_006&#8243; show_in_lightbox=&#8220;on&#8220; align=&#8220;center&#8220; force_fullwidth=&#8220;on&#8220; align_tablet=&#8220;center&#8220; align_phone=&#8220;center&#8220; align_last_edited=&#8220;on|desktop&#8220; _builder_version=&#8220;4.14.1&#8243; box_shadow_style=&#8220;preset2&#8243; always_center_on_mobile=&#8220;on&#8220; global_colors_info=&#8220;{}&#8220;][\/et_pb_image][\/et_pb_column][\/et_pb_row][\/et_pb_section]<\/p>\n","protected":false},"excerpt":{"rendered":"<p>WIR BIETEN DEN 360\u00b0 SERVICE F\u00dcR IHR BEAUTY-STUDIO &nbsp;Von einer pers\u00f6nlichen Betreuung vor Ort \u00fcber die Architektenplanung, Individual-M\u00f6bel-Entw\u00fcrfe, die Umbauunterst\u00fctzung bis zur Endmontage vor Ort. \u00a0 Beauty-Einrichtungen werden von unseren Innenarchitekten entworfen und mit gr\u00f6\u00dfter handwerklicher Expertise von uns \u00a0gefertigt. Wir gestalten Ihre R\u00e4ume und geben Ihnen ein ganz besonderes Ambiente. \u00a0 Alles aus einer [&hellip;]<\/p>\n","protected":false},"author":1,"featured_media":0,"parent":0,"menu_order":0,"comment_status":"closed","ping_status":"closed","template":"","meta":{"_et_pb_use_builder":"on","_et_pb_old_content":"","_et_gb_content_width":""},"_links":{"self":[{"href":"https:\/\/bungartz-einrichtung.de\/index.php?rest_route=\/wp\/v2\/pages\/2287"}],"collection":[{"href":"https:\/\/bungartz-einrichtung.de\/index.php?rest_route=\/wp\/v2\/pages"}],"about":[{"href":"https:\/\/bungartz-einrichtung.de\/index.php?rest_route=\/wp\/v2\/types\/page"}],"author":[{"embeddable":true,"href":"https:\/\/bungartz-einrichtung.de\/index.php?rest_route=\/wp\/v2\/users\/1"}],"replies":[{"embeddable":true,"href":"https:\/\/bungartz-einrichtung.de\/index.php?rest_route=%2Fwp%2Fv2%2Fcomments&post=2287"}],"version-history":[{"count":12,"href":"https:\/\/bungartz-einrichtung.de\/index.php?rest_route=\/wp\/v2\/pages\/2287\/revisions"}],"predecessor-version":[{"id":2495,"href":"https:\/\/bungartz-einrichtung.de\/index.php?rest_route=\/wp\/v2\/pages\/2287\/revisions\/2495"}],"wp:attachment":[{"href":"https:\/\/bungartz-einrichtung.de\/index.php?rest_route=%2Fwp%2Fv2%2Fmedia&parent=2287"}],"curies":[{"name":"wp","href":"https:\/\/api.w.org\/{rel}","templated":true}]}}