{"id":1392,"date":"2022-01-21T11:09:54","date_gmt":"2022-01-21T11:09:54","guid":{"rendered":"https:\/\/bungartz-einrichtung.de\/?page_id=1392"},"modified":"2022-03-06T15:45:48","modified_gmt":"2022-03-06T15:45:48","slug":"verkauf","status":"publish","type":"page","link":"https:\/\/bungartz-einrichtung.de\/?page_id=1392","title":{"rendered":"Verkauf"},"content":{"rendered":"<p>[et_pb_section fb_built=&#8220;1&#8243; _builder_version=&#8220;3.22&#8243; global_colors_info=&#8220;{}&#8220;][et_pb_row _builder_version=&#8220;3.25&#8243; background_size=&#8220;initial&#8220; background_position=&#8220;top_left&#8220; background_repeat=&#8220;repeat&#8220; global_colors_info=&#8220;{}&#8220;][et_pb_column type=&#8220;4_4&#8243; _builder_version=&#8220;3.25&#8243; custom_padding=&#8220;|||&#8220; global_colors_info=&#8220;{}&#8220; custom_padding__hover=&#8220;|||&#8220;][et_pb_image src=&#8220;http:\/\/bungartz-einrichtung.de\/wp-content\/uploads\/2022\/03\/Verkauf_001.jpg&#8220; title_text=&#8220;Verkauf_001&#8243; force_fullwidth=&#8220;on&#8220; align_tablet=&#8220;center&#8220; align_phone=&#8220;center&#8220; align_last_edited=&#8220;on|tablet&#8220; _builder_version=&#8220;4.14.1&#8243; hover_enabled=&#8220;0&#8243; always_center_on_mobile=&#8220;on&#8220; global_colors_info=&#8220;{}&#8220; sticky_enabled=&#8220;0&#8243;][\/et_pb_image][\/et_pb_column][\/et_pb_row][\/et_pb_section][et_pb_section fb_built=&#8220;1&#8243; _builder_version=&#8220;3.22&#8243; global_colors_info=&#8220;{}&#8220;][et_pb_row column_structure=&#8220;1_4,3_4&#8243; _builder_version=&#8220;3.25&#8243; global_colors_info=&#8220;{}&#8220;][et_pb_column type=&#8220;1_4&#8243; _builder_version=&#8220;3.25&#8243; custom_padding=&#8220;|||&#8220; global_colors_info=&#8220;{}&#8220; custom_padding__hover=&#8220;|||&#8220;][et_pb_image src=&#8220;http:\/\/bungartz-einrichtung.de\/wp-content\/uploads\/2022\/01\/Taschen_01.jpg&#8220; title_text=&#8220;Taschen_01&#8243; _builder_version=&#8220;4.14.1&#8243; _module_preset=&#8220;default&#8220; global_colors_info=&#8220;{}&#8220;][\/et_pb_image][et_pb_image src=&#8220;http:\/\/bungartz-einrichtung.de\/wp-content\/uploads\/2022\/01\/Brillen_01.jpg&#8220; title_text=&#8220;Brillen_01&#8243; _builder_version=&#8220;4.14.1&#8243; _module_preset=&#8220;default&#8220; global_colors_info=&#8220;{}&#8220;][\/et_pb_image][\/et_pb_column][et_pb_column type=&#8220;3_4&#8243; _builder_version=&#8220;3.25&#8243; custom_padding=&#8220;|||&#8220; global_colors_info=&#8220;{}&#8220; custom_padding__hover=&#8220;|||&#8220;][et_pb_text _builder_version=&#8220;4.14.1&#8243; _module_preset=&#8220;default&#8220; global_colors_info=&#8220;{}&#8220;]<\/p>\n<h1 class=\"vc_custom_heading\"><strong>LADENBAU VOM PROFI F\u00dcR IHRE PERFEKTE WARENPR\u00c4SENTATION<\/strong><\/h1>\n<p>[\/et_pb_text][et_pb_text _builder_version=&#8220;4.14.1&#8243; _module_preset=&#8220;default&#8220; border_color_all=&#8220;#000000&#8243; border_width_top=&#8220;1px&#8220; border_width_right=&#8220;1px&#8220; border_color_right=&#8220;#000000&#8243; border_style_right=&#8220;outset&#8220; border_width_bottom=&#8220;1px&#8220; border_width_left=&#8220;0px&#8220; border_color_left=&#8220;RGBA(255,255,255,0)&#8220; global_colors_info=&#8220;{}&#8220;]<\/p>\n<p>Verkaufsr\u00e4ume sind meist mehr als blo\u00dfe Warenpr\u00e4sentation. Sie sollen Kunden einladen, begeistern und in gewisser Weise verf\u00fchren. Damit das gelingt, braucht es vor allem: Harmonie. Nur wenn <strong>Materialien, Farben, Formen, Licht und Klang eine Einheit bilden<\/strong>, werden sich Kunden bei ihrem Einkauf wirklich wohl f\u00fchlen.<\/p>\n<p>Als erfahrene Innenausstatter f\u00fcr Ladenfl\u00e4chen verschiedener Gr\u00f6\u00dfe stimmen wir alle diese Komponenten so ab, dass ein <strong>stimmiges Gesamtbild<\/strong> entsteht. Das macht Ihre Verkaufsr\u00e4ume wirklich unverwechselbar.<\/p>\n<p>Wir sind Ihr Partner von Planung und Designentwurf \u00fcber Bemusterungen und Materialauswahl bis hin zur Fertigung und Endmontage vor Ort. Dadurch <strong>sparen Sie unn\u00f6tige Mehrkosten<\/strong>, da Konstruktionen schon w\u00e4hrend der Planung durch uns rasch vereinfacht oder Materialien schnell ge\u00e4ndert werden k\u00f6nnen.<\/p>\n<p><strong>So\u00a0verwandeln wir Ihre Verkaufsr\u00e4ume in echte Kundentr\u00e4ume<\/strong>.<\/p>\n<p>[\/et_pb_text][\/et_pb_column][\/et_pb_row][\/et_pb_section][et_pb_section fb_built=&#8220;1&#8243; _builder_version=&#8220;3.22&#8243; global_colors_info=&#8220;{}&#8220;][et_pb_row column_structure=&#8220;2_3,1_3&#8243; _builder_version=&#8220;3.25&#8243; global_colors_info=&#8220;{}&#8220;][et_pb_column type=&#8220;2_3&#8243; _builder_version=&#8220;3.25&#8243; custom_padding=&#8220;|||&#8220; global_colors_info=&#8220;{}&#8220; custom_padding__hover=&#8220;|||&#8220;][et_pb_image src=&#8220;http:\/\/bungartz-einrichtung.de\/wp-content\/uploads\/2022\/01\/reception.jpg&#8220; title_text=&#8220;reception&#8220; show_in_lightbox=&#8220;on&#8220; align_tablet=&#8220;center&#8220; align_phone=&#8220;center&#8220; align_last_edited=&#8220;on|desktop&#8220; _builder_version=&#8220;4.14.1&#8243; always_center_on_mobile=&#8220;on&#8220; global_colors_info=&#8220;{}&#8220;][\/et_pb_image][\/et_pb_column][et_pb_column type=&#8220;1_3&#8243; _builder_version=&#8220;3.25&#8243; custom_padding=&#8220;|||&#8220; global_colors_info=&#8220;{}&#8220; custom_padding__hover=&#8220;|||&#8220;][et_pb_text _builder_version=&#8220;4.14.1&#8243; border_width_top=&#8220;1px&#8220; border_width_right=&#8220;1px&#8220; border_width_bottom=&#8220;1px&#8220; global_colors_info=&#8220;{}&#8220;]<\/p>\n<p class=\"et_pb_module_header\">Hier sind\u00a0professionelle Pr\u00e4sentations-Systeme\u00a0gefragt. Wir sind Ihr idealer Partner f\u00fcr kleine Gesch\u00e4fte aber auch\u00a0f\u00fcr komplette Ladeneinrichtungen von A-Z. Nicht nur ein extravagantes Design, sondern auch Funktion ist gefragt.<\/p>\n<p>Die gekonnte Integration eines Shop in Shop Systems im Verkaufsraum verbessert die Wirkung auf Kunden und senkt den St\u00f6rfaktor f\u00fcr Kunden, die nicht an diesem Zusatzangebot interessiert sind. Das bestehende Ladenkonzept oder Einrichtungskonzept sollte nicht durch die Shop in Shop Kooperation beeintr\u00e4chtigt werden.<\/p>\n<p>[\/et_pb_text][\/et_pb_column][\/et_pb_row][\/et_pb_section][et_pb_section fb_built=&#8220;1&#8243; _builder_version=&#8220;3.22&#8243; global_colors_info=&#8220;{}&#8220;][et_pb_row _builder_version=&#8220;3.25&#8243; global_colors_info=&#8220;{}&#8220;][et_pb_column type=&#8220;4_4&#8243; _builder_version=&#8220;3.25&#8243; custom_padding=&#8220;|||&#8220; global_colors_info=&#8220;{}&#8220; custom_padding__hover=&#8220;|||&#8220;][et_pb_gallery gallery_ids=&#8220;1009,881,883,884,882,1074,1073,1072,1071&#8243; posts_number=&#8220;10&#8243; show_title_and_caption=&#8220;off&#8220; show_pagination=&#8220;off&#8220; zoom_icon_color=&#8220;#f95725&#8243; _builder_version=&#8220;3.0.98&#8243; pagination_font_size_tablet=&#8220;51&#8243; pagination_line_height_tablet=&#8220;2&#8243; global_colors_info=&#8220;{}&#8220;][\/et_pb_gallery][\/et_pb_column][\/et_pb_row][\/et_pb_section]<\/p>\n","protected":false},"excerpt":{"rendered":"<p>LADENBAU VOM PROFI F\u00dcR IHRE PERFEKTE WARENPR\u00c4SENTATIONVerkaufsr\u00e4ume sind meist mehr als blo\u00dfe Warenpr\u00e4sentation. Sie sollen Kunden einladen, begeistern und in gewisser Weise verf\u00fchren. Damit das gelingt, braucht es vor allem: Harmonie. Nur wenn Materialien, Farben, Formen, Licht und Klang eine Einheit bilden, werden sich Kunden bei ihrem Einkauf wirklich wohl f\u00fchlen. Als erfahrene Innenausstatter f\u00fcr [&hellip;]<\/p>\n","protected":false},"author":1,"featured_media":0,"parent":0,"menu_order":0,"comment_status":"closed","ping_status":"closed","template":"","meta":{"_et_pb_use_builder":"on","_et_pb_old_content":"\u00a0\r\n\r\n\u00a0\r\n\r\n\u00a0","_et_gb_content_width":""},"_links":{"self":[{"href":"https:\/\/bungartz-einrichtung.de\/index.php?rest_route=\/wp\/v2\/pages\/1392"}],"collection":[{"href":"https:\/\/bungartz-einrichtung.de\/index.php?rest_route=\/wp\/v2\/pages"}],"about":[{"href":"https:\/\/bungartz-einrichtung.de\/index.php?rest_route=\/wp\/v2\/types\/page"}],"author":[{"embeddable":true,"href":"https:\/\/bungartz-einrichtung.de\/index.php?rest_route=\/wp\/v2\/users\/1"}],"replies":[{"embeddable":true,"href":"https:\/\/bungartz-einrichtung.de\/index.php?rest_route=%2Fwp%2Fv2%2Fcomments&post=1392"}],"version-history":[{"count":29,"href":"https:\/\/bungartz-einrichtung.de\/index.php?rest_route=\/wp\/v2\/pages\/1392\/revisions"}],"predecessor-version":[{"id":2418,"href":"https:\/\/bungartz-einrichtung.de\/index.php?rest_route=\/wp\/v2\/pages\/1392\/revisions\/2418"}],"wp:attachment":[{"href":"https:\/\/bungartz-einrichtung.de\/index.php?rest_route=%2Fwp%2Fv2%2Fmedia&parent=1392"}],"curies":[{"name":"wp","href":"https:\/\/api.w.org\/{rel}","templated":true}]}}