{"id":1378,"date":"2022-01-21T10:55:01","date_gmt":"2022-01-21T10:55:01","guid":{"rendered":"https:\/\/bungartz-einrichtung.de\/?page_id=1378"},"modified":"2022-03-10T09:52:44","modified_gmt":"2022-03-10T09:52:44","slug":"einbauschraenke","status":"publish","type":"page","link":"https:\/\/bungartz-einrichtung.de\/?page_id=1378","title":{"rendered":"Einbauschr\u00e4nke"},"content":{"rendered":"<p>[et_pb_section fb_built=&#8220;1&#8243; _builder_version=&#8220;3.22&#8243; global_colors_info=&#8220;{}&#8220;][et_pb_row _builder_version=&#8220;3.25&#8243; background_size=&#8220;initial&#8220; background_position=&#8220;top_left&#8220; background_repeat=&#8220;repeat&#8220; global_colors_info=&#8220;{}&#8220;][et_pb_column type=&#8220;4_4&#8243; _builder_version=&#8220;3.25&#8243; custom_padding=&#8220;|||&#8220; global_colors_info=&#8220;{}&#8220; custom_padding__hover=&#8220;|||&#8220;][et_pb_image src=&#8220;http:\/\/bungartz-einrichtung.de\/wp-content\/uploads\/2022\/03\/Schrank_001.jpg&#8220; title_text=&#8220;Schrank_001&#8243; show_bottom_space=&#8220;off&#8220; align=&#8220;center&#8220; force_fullwidth=&#8220;on&#8220; align_tablet=&#8220;center&#8220; align_phone=&#8220;center&#8220; align_last_edited=&#8220;on|desktop&#8220; _builder_version=&#8220;4.14.1&#8243; box_shadow_style=&#8220;preset2&#8243; always_center_on_mobile=&#8220;on&#8220; global_colors_info=&#8220;{}&#8220;][\/et_pb_image][\/et_pb_column][\/et_pb_row][\/et_pb_section][et_pb_section fb_built=&#8220;1&#8243; _builder_version=&#8220;3.22&#8243; global_colors_info=&#8220;{}&#8220;][et_pb_row _builder_version=&#8220;3.25&#8243; global_colors_info=&#8220;{}&#8220;][et_pb_column type=&#8220;4_4&#8243; _builder_version=&#8220;3.25&#8243; custom_padding=&#8220;|||&#8220; global_colors_info=&#8220;{}&#8220; custom_padding__hover=&#8220;|||&#8220;][et_pb_text _builder_version=&#8220;4.14.1&#8243; min_height=&#8220;46px&#8220; custom_padding=&#8220;||0px|||&#8220; global_colors_info=&#8220;{}&#8220;]<\/p>\n<h1><strong>SIE HABEN NICHTS ZU VERSCHENKEN, AUCH KEINEN STAURAUM<\/strong><\/h1>\n<p>&nbsp;<\/p>\n<p>[\/et_pb_text][et_pb_text _builder_version=&#8220;4.14.1&#8243; min_height=&#8220;192px&#8220; custom_margin=&#8220;-41px|||||&#8220; custom_padding=&#8220;0px|||||&#8220; border_width_top=&#8220;1px&#8220; border_width_right=&#8220;1px&#8220; border_width_bottom=&#8220;1px&#8220; global_colors_info=&#8220;{}&#8220;]<\/p>\n<p>Alle Schr\u00e4nke bieten Stauraum. Doch <strong>nur ma\u00dfgefertigte Einbauschr\u00e4nke maximieren Ihren Stauraum<\/strong>, indem sie sich perfekt in die r\u00e4umlichen Gegebenheiten einer Wohnung einf\u00fcgen.<\/p>\n<p><strong>Einbauschr\u00e4nke k\u00f6nnen niemals Massenware sein.<\/strong> Deshalb finden Sie bei der Bungartz Einrichtungen auch keinen Online-Konfigurator f\u00fcr Ihren neuen Schrank. Stattdessen setzen wir als Meisterbetrieb mit Erfahrung in der M\u00f6beltischlerei voll auf pers\u00f6nliche Beratung, damit Sie genau den Schrank nach Ma\u00df bekommen, den Sie sich w\u00fcnschen.<\/p>\n<p>Daf\u00fcr stehen wir Ihnen mit dem <strong>Fachwissen unserer Tischlermeister und Innenarchitekten<\/strong> vom ersten Beratungsgespr\u00e4ch \u00fcber die Detailplanung, Designentw\u00fcrfe, Materialauswahl, Fertigung und Montage zur Seite. Und sollte sp\u00e4ter mal was ge\u00e4ndert werden m\u00fcssen, passen wir Ihren Schrank nat\u00fcrlich gern f\u00fcr Sie an.<\/p>\n<p>[\/et_pb_text][et_pb_gallery gallery_ids=&#8220;2085,2086,2087,2088,2147,2329,2328,2327,2326,2325,2324,2332&#8243; posts_number=&#8220;12&#8243; show_title_and_caption=&#8220;off&#8220; show_pagination=&#8220;off&#8220; zoom_icon_color=&#8220;#777777&#8243; _builder_version=&#8220;4.14.1&#8243; min_height=&#8220;213px&#8220; custom_padding=&#8220;79px|||||&#8220; pagination_font_size_tablet=&#8220;51&#8243; pagination_line_height_tablet=&#8220;2&#8243; global_colors_info=&#8220;{}&#8220;][\/et_pb_gallery][\/et_pb_column][\/et_pb_row][\/et_pb_section][et_pb_section fb_built=&#8220;1&#8243; _builder_version=&#8220;3.22&#8243; global_colors_info=&#8220;{}&#8220;][\/et_pb_section][et_pb_section fb_built=&#8220;1&#8243; _builder_version=&#8220;4.14.1&#8243; background_color=&#8220;#9e9e9e&#8220; global_colors_info=&#8220;{}&#8220;][et_pb_row _builder_version=&#8220;3.25&#8243; min_height=&#8220;298.5px&#8220; global_colors_info=&#8220;{}&#8220;][et_pb_column type=&#8220;4_4&#8243; _builder_version=&#8220;3.25&#8243; custom_padding=&#8220;|||&#8220; global_colors_info=&#8220;{}&#8220; custom_padding__hover=&#8220;|||&#8220;][et_pb_image src=&#8220;http:\/\/bungartz-einrichtung.de\/wp-content\/uploads\/2022\/02\/Einbau_007-scaled.jpg&#8220; title_text=&#8220;Einbau_007&#8243; show_in_lightbox=&#8220;on&#8220; align=&#8220;center&#8220; force_fullwidth=&#8220;on&#8220; align_tablet=&#8220;center&#8220; align_phone=&#8220;center&#8220; align_last_edited=&#8220;on|desktop&#8220; _builder_version=&#8220;4.14.1&#8243; box_shadow_style=&#8220;preset2&#8243; always_center_on_mobile=&#8220;on&#8220; global_colors_info=&#8220;{}&#8220;][\/et_pb_image][\/et_pb_column][\/et_pb_row][\/et_pb_section]<\/p>\n","protected":false},"excerpt":{"rendered":"<p>SIE HABEN NICHTS ZU VERSCHENKEN, AUCH KEINEN STAURAUM &nbsp;Alle Schr\u00e4nke bieten Stauraum. Doch nur ma\u00dfgefertigte Einbauschr\u00e4nke maximieren Ihren Stauraum, indem sie sich perfekt in die r\u00e4umlichen Gegebenheiten einer Wohnung einf\u00fcgen. Einbauschr\u00e4nke k\u00f6nnen niemals Massenware sein. Deshalb finden Sie bei der Bungartz Einrichtungen auch keinen Online-Konfigurator f\u00fcr Ihren neuen Schrank. Stattdessen setzen wir als Meisterbetrieb mit [&hellip;]<\/p>\n","protected":false},"author":1,"featured_media":0,"parent":0,"menu_order":0,"comment_status":"closed","ping_status":"closed","template":"","meta":{"_et_pb_use_builder":"on","_et_pb_old_content":"<h1><strong>Diese Seite befindet sich zur Zeit im Aufbau und wird in den n\u00e4chsten Tagen aktualisiert. Schauen Sie doch demn\u00e4chst nochmal vorbei.<\/strong><\/h1>","_et_gb_content_width":""},"_links":{"self":[{"href":"https:\/\/bungartz-einrichtung.de\/index.php?rest_route=\/wp\/v2\/pages\/1378"}],"collection":[{"href":"https:\/\/bungartz-einrichtung.de\/index.php?rest_route=\/wp\/v2\/pages"}],"about":[{"href":"https:\/\/bungartz-einrichtung.de\/index.php?rest_route=\/wp\/v2\/types\/page"}],"author":[{"embeddable":true,"href":"https:\/\/bungartz-einrichtung.de\/index.php?rest_route=\/wp\/v2\/users\/1"}],"replies":[{"embeddable":true,"href":"https:\/\/bungartz-einrichtung.de\/index.php?rest_route=%2Fwp%2Fv2%2Fcomments&post=1378"}],"version-history":[{"count":22,"href":"https:\/\/bungartz-einrichtung.de\/index.php?rest_route=\/wp\/v2\/pages\/1378\/revisions"}],"predecessor-version":[{"id":2511,"href":"https:\/\/bungartz-einrichtung.de\/index.php?rest_route=\/wp\/v2\/pages\/1378\/revisions\/2511"}],"wp:attachment":[{"href":"https:\/\/bungartz-einrichtung.de\/index.php?rest_route=%2Fwp%2Fv2%2Fmedia&parent=1378"}],"curies":[{"name":"wp","href":"https:\/\/api.w.org\/{rel}","templated":true}]}}