{"id":1375,"date":"2022-01-21T10:54:35","date_gmt":"2022-01-21T10:54:35","guid":{"rendered":"https:\/\/bungartz-einrichtung.de\/?page_id=1375"},"modified":"2024-12-22T07:55:43","modified_gmt":"2024-12-22T07:55:43","slug":"schlafen","status":"publish","type":"page","link":"https:\/\/bungartz-einrichtung.de\/?page_id=1375","title":{"rendered":"Schlafen"},"content":{"rendered":"<p>[et_pb_section fb_built=&#8220;1&#8243; _builder_version=&#8220;3.22&#8243; global_colors_info=&#8220;{}&#8220;][et_pb_row _builder_version=&#8220;3.25&#8243; background_size=&#8220;initial&#8220; background_position=&#8220;top_left&#8220; background_repeat=&#8220;repeat&#8220; global_colors_info=&#8220;{}&#8220;][et_pb_column type=&#8220;4_4&#8243; _builder_version=&#8220;3.25&#8243; custom_padding=&#8220;|||&#8220; global_colors_info=&#8220;{}&#8220; custom_padding__hover=&#8220;|||&#8220;][et_pb_image src=&#8220;http:\/\/bungartz-einrichtung.de\/wp-content\/uploads\/2022\/03\/Schlafen_01.jpg&#8220; title_text=&#8220;Schlafen_01&#8243; show_bottom_space=&#8220;off&#8220; align=&#8220;center&#8220; force_fullwidth=&#8220;on&#8220; align_tablet=&#8220;center&#8220; align_phone=&#8220;center&#8220; align_last_edited=&#8220;on|desktop&#8220; _builder_version=&#8220;4.14.1&#8243; box_shadow_style=&#8220;preset2&#8243; always_center_on_mobile=&#8220;on&#8220; global_colors_info=&#8220;{}&#8220;][\/et_pb_image][\/et_pb_column][\/et_pb_row][\/et_pb_section][et_pb_section fb_built=&#8220;1&#8243; _builder_version=&#8220;3.22&#8243; global_colors_info=&#8220;{}&#8220;][et_pb_row _builder_version=&#8220;3.25&#8243; global_colors_info=&#8220;{}&#8220;][et_pb_column type=&#8220;4_4&#8243; _builder_version=&#8220;3.25&#8243; custom_padding=&#8220;|||&#8220; global_colors_info=&#8220;{}&#8220; custom_padding__hover=&#8220;|||&#8220;][et_pb_text _builder_version=&#8220;4.14.1&#8243; min_height=&#8220;46px&#8220; custom_padding=&#8220;||0px|||&#8220; global_colors_info=&#8220;{}&#8220;]<\/p>\n<h1 class=\"vc_custom_heading\"><strong>INDIVIDUELLE SCHLAFZIMMERM\u00d6BEL VON IHREM TISCHLER<\/strong><\/h1>\n<p>&nbsp;<\/p>\n<p>[\/et_pb_text][et_pb_text _builder_version=&#8220;4.14.1&#8243; min_height=&#8220;192px&#8220; custom_margin=&#8220;-41px|||||&#8220; custom_padding=&#8220;0px|||||&#8220; border_width_top=&#8220;1px&#8220; border_width_right=&#8220;1px&#8220; border_width_bottom=&#8220;1px&#8220; global_colors_info=&#8220;{}&#8220;]<\/p>\n<p>Jeder Mensch verbringt rund ein Drittel seines Lebens im Bett. Das <strong>Schlafzimmer steht als R\u00fcckzugs- und Ruheort f\u00fcr besondere Behaglichkeit<\/strong>. Und kaum ein anderes M\u00f6belst\u00fcck daheim ist von gr\u00f6\u00dferer Bedeutung f\u00fcr Ihr pers\u00f6nliches Wohlempfinden, wie das eigene Bett. Wenn das Schlafzimmer wenig einladend wirkt und das Bett zu klein, zu tief, zu unbequem ist, dann bedeutet das meist Einbu\u00dfen bei der Schlaf- und somit der Lebensqualit\u00e4t.<\/p>\n<p>Das muss nicht sein. Unsere professionell angefertigten und auf Ihre Bed\u00fcrfnisse <strong>ma\u00dfgeschneiderten Schlafzimmerm\u00f6bel<\/strong> sorgen garantiert daf\u00fcr, dass sie abends erholsam in den Schlaf finden und morgens gut in den Tag starten k\u00f6nnen.<\/p>\n<p>Vom <strong>begehbaren Kleiderschrank<\/strong>, \u00fcber <strong>komfortable Naturbetten<\/strong>, <strong>funktionale Beistellm\u00f6bel und stilvolle Beleuchtung<\/strong> bis hin zu einem hochwertigen Fu\u00dfboden bekommen Sie bei der Bungartz Einrichtungen alles aus einer Hand. Wir als erfahrener Meisterbetrieb profitieren Sie bei uns von einer umfassenden Beratung, anschaulichen Entw\u00fcrfen, hochwertigen Materialien und einer termingerechten Fertigung und Montage.<\/p>\n<p>[\/et_pb_text][et_pb_gallery gallery_ids=&#8220;943,952,2072,2074&#8243; show_title_and_caption=&#8220;off&#8220; show_pagination=&#8220;off&#8220; zoom_icon_color=&#8220;#777777&#8243; _builder_version=&#8220;4.14.1&#8243; min_height=&#8220;262px&#8220; custom_margin=&#8220;11px|||||&#8220; custom_padding=&#8220;37px|||||&#8220; pagination_font_size_tablet=&#8220;51&#8243; pagination_line_height_tablet=&#8220;2&#8243; global_colors_info=&#8220;{}&#8220;][\/et_pb_gallery][\/et_pb_column][\/et_pb_row][\/et_pb_section][et_pb_section fb_built=&#8220;1&#8243; _builder_version=&#8220;3.22&#8243; min_height=&#8220;87.3px&#8220; global_colors_info=&#8220;{}&#8220;][et_pb_row _builder_version=&#8220;4.14.1&#8243; _module_preset=&#8220;default&#8220; min_height=&#8220;200px&#8220; custom_margin=&#8220;136px|auto||auto||&#8220; custom_padding=&#8220;12px|||||&#8220; global_colors_info=&#8220;{}&#8220;][et_pb_column type=&#8220;4_4&#8243; _builder_version=&#8220;4.14.1&#8243; _module_preset=&#8220;default&#8220; global_colors_info=&#8220;{}&#8220;][et_pb_text _builder_version=&#8220;4.14.1&#8243; _module_preset=&#8220;default&#8220; custom_margin=&#8220;-155px|||||&#8220; global_colors_info=&#8220;{}&#8220;]<\/p>\n<h1><strong>WIE MAN SICH BETTET SO SCHL\u00c4FT MAN<\/strong><\/h1>\n<p>[\/et_pb_text][\/et_pb_column][\/et_pb_row][\/et_pb_section][et_pb_section fb_built=&#8220;1&#8243; _builder_version=&#8220;3.22&#8243; global_colors_info=&#8220;{}&#8220;][et_pb_row _builder_version=&#8220;3.25&#8243; min_height=&#8220;797.3px&#8220; custom_margin=&#8220;-114px|auto||auto||&#8220; global_colors_info=&#8220;{}&#8220;][et_pb_column type=&#8220;4_4&#8243; _builder_version=&#8220;3.25&#8243; custom_padding=&#8220;|||&#8220; global_colors_info=&#8220;{}&#8220; custom_padding__hover=&#8220;|||&#8220;][et_pb_image src=&#8220;http:\/\/bungartz-einrichtung.de\/wp-content\/uploads\/2022\/02\/Schlafen_06-Kopie.jpg&#8220; title_text=&#8220;Schlafen_06 Kopie&#8220; show_in_lightbox=&#8220;on&#8220; align=&#8220;center&#8220; force_fullwidth=&#8220;on&#8220; align_tablet=&#8220;center&#8220; align_phone=&#8220;center&#8220; align_last_edited=&#8220;on|desktop&#8220; _builder_version=&#8220;4.14.1&#8243; min_height=&#8220;669px&#8220; custom_margin=&#8220;-186px|||||&#8220; custom_padding=&#8220;0px|||||&#8220; box_shadow_style=&#8220;preset2&#8243; always_center_on_mobile=&#8220;on&#8220; global_colors_info=&#8220;{}&#8220;][\/et_pb_image][\/et_pb_column][\/et_pb_row][\/et_pb_section]<\/p>\n","protected":false},"excerpt":{"rendered":"<p>INDIVIDUELLE SCHLAFZIMMERM\u00d6BEL VON IHREM TISCHLER &nbsp;Jeder Mensch verbringt rund ein Drittel seines Lebens im Bett. Das Schlafzimmer steht als R\u00fcckzugs- und Ruheort f\u00fcr besondere Behaglichkeit. Und kaum ein anderes M\u00f6belst\u00fcck daheim ist von gr\u00f6\u00dferer Bedeutung f\u00fcr Ihr pers\u00f6nliches Wohlempfinden, wie das eigene Bett. Wenn das Schlafzimmer wenig einladend wirkt und das Bett zu klein, zu [&hellip;]<\/p>\n","protected":false},"author":1,"featured_media":0,"parent":0,"menu_order":0,"comment_status":"closed","ping_status":"closed","template":"","meta":{"_et_pb_use_builder":"on","_et_pb_old_content":"<h1><strong>Diese Seite befindet sich zur Zeit im Aufbau und wird in den n\u00e4chsten Tagen aktualisiert. Schauen Sie doch demn\u00e4chst nochmal vorbei.<\/strong><\/h1>","_et_gb_content_width":""},"_links":{"self":[{"href":"https:\/\/bungartz-einrichtung.de\/index.php?rest_route=\/wp\/v2\/pages\/1375"}],"collection":[{"href":"https:\/\/bungartz-einrichtung.de\/index.php?rest_route=\/wp\/v2\/pages"}],"about":[{"href":"https:\/\/bungartz-einrichtung.de\/index.php?rest_route=\/wp\/v2\/types\/page"}],"author":[{"embeddable":true,"href":"https:\/\/bungartz-einrichtung.de\/index.php?rest_route=\/wp\/v2\/users\/1"}],"replies":[{"embeddable":true,"href":"https:\/\/bungartz-einrichtung.de\/index.php?rest_route=%2Fwp%2Fv2%2Fcomments&post=1375"}],"version-history":[{"count":24,"href":"https:\/\/bungartz-einrichtung.de\/index.php?rest_route=\/wp\/v2\/pages\/1375\/revisions"}],"predecessor-version":[{"id":2639,"href":"https:\/\/bungartz-einrichtung.de\/index.php?rest_route=\/wp\/v2\/pages\/1375\/revisions\/2639"}],"wp:attachment":[{"href":"https:\/\/bungartz-einrichtung.de\/index.php?rest_route=%2Fwp%2Fv2%2Fmedia&parent=1375"}],"curies":[{"name":"wp","href":"https:\/\/api.w.org\/{rel}","templated":true}]}}