{"id":1372,"date":"2022-01-21T10:54:10","date_gmt":"2022-01-21T10:54:10","guid":{"rendered":"https:\/\/bungartz-einrichtung.de\/?page_id=1372"},"modified":"2024-05-06T10:17:21","modified_gmt":"2024-05-06T10:17:21","slug":"kochen-essen","status":"publish","type":"page","link":"https:\/\/bungartz-einrichtung.de\/?page_id=1372","title":{"rendered":"K\u00fcche\/Kochen &#038; Essen"},"content":{"rendered":"<p>[et_pb_section fb_built=&#8220;1&#8243; _builder_version=&#8220;3.22&#8243; global_colors_info=&#8220;{}&#8220;][et_pb_row _builder_version=&#8220;3.25&#8243; background_size=&#8220;initial&#8220; background_position=&#8220;top_left&#8220; background_repeat=&#8220;repeat&#8220; global_colors_info=&#8220;{}&#8220;][et_pb_column type=&#8220;4_4&#8243; _builder_version=&#8220;3.25&#8243; custom_padding=&#8220;|||&#8220; global_colors_info=&#8220;{}&#8220; custom_padding__hover=&#8220;|||&#8220;][et_pb_image src=&#8220;http:\/\/bungartz-einrichtung.de\/wp-content\/uploads\/2022\/03\/Kueche_001.jpg&#8220; title_text=&#8220;Kueche_001&#8243; show_bottom_space=&#8220;off&#8220; align=&#8220;center&#8220; force_fullwidth=&#8220;on&#8220; align_tablet=&#8220;center&#8220; align_phone=&#8220;center&#8220; align_last_edited=&#8220;on|desktop&#8220; _builder_version=&#8220;4.14.1&#8243; box_shadow_style=&#8220;preset2&#8243; always_center_on_mobile=&#8220;on&#8220; global_colors_info=&#8220;{}&#8220;][\/et_pb_image][\/et_pb_column][\/et_pb_row][\/et_pb_section][et_pb_section fb_built=&#8220;1&#8243; _builder_version=&#8220;3.22&#8243; global_colors_info=&#8220;{}&#8220;][et_pb_row _builder_version=&#8220;3.25&#8243; global_colors_info=&#8220;{}&#8220;][et_pb_column type=&#8220;4_4&#8243; _builder_version=&#8220;3.25&#8243; custom_padding=&#8220;|||&#8220; global_colors_info=&#8220;{}&#8220; custom_padding__hover=&#8220;|||&#8220;][et_pb_text _builder_version=&#8220;4.14.1&#8243; min_height=&#8220;46px&#8220; custom_padding=&#8220;||0px|||&#8220; hover_enabled=&#8220;0&#8243; global_colors_info=&#8220;{}&#8220; sticky_enabled=&#8220;0&#8243;]<\/p>\n<h1>\u00a0<\/h1>\n<h1 class=\"vc_custom_heading\"><strong>PLAZT NEHMEN UND WOHL F\u00dcHLEN IN IHRER TRAUMK\u00dcCHE\u00a0<\/strong><\/h1>\n<p>&nbsp;<\/p>\n<p>[\/et_pb_text][et_pb_text _builder_version=&#8220;4.14.1&#8243; min_height=&#8220;192px&#8220; custom_margin=&#8220;-41px|||||&#8220; custom_padding=&#8220;0px|||||&#8220; border_width_top=&#8220;1px&#8220; border_width_right=&#8220;1px&#8220; border_width_bottom=&#8220;1px&#8220; global_colors_info=&#8220;{}&#8220;]<\/p>\n<p>&nbsp;<\/p>\n<p>In einer Welt, in der Individualit\u00e4t zunehmend an Bedeutung gewinnt, wird eine K\u00fcche immer mehr zum Ausdruck pers\u00f6nlicher Lebensstile. Sie ist heute ein Ort, an dem nicht nur kulinarische K\u00f6stlichkeiten entstehen sondern bringen Menschen an einen Tisch. Nicht selten sind sie ein zentraler Treff- und Anlaufpunkt im ganzen Haus oder der ganzen Wohnung. Ob <b>Designk\u00fcche, Massivholzk\u00fcche oder Landhausk\u00fcche<\/b>: Eine sch\u00f6ne K\u00fcche l\u00e4dt ein zum Verweilen und Zusammensein. Das ist es wert.<\/p>\n<p>Genau deshalb stecken wir bei unseren ma\u00dfgefertigten K\u00fcchen so viel Sorgfalt in die Planung, Pr\u00e4zision in die Fertigung und Liebe bis ins letzte Detail. Anders als bei industriellen Serienk\u00fcchen ist bei uns <b>garantiert jede K\u00fcche ein Unikat<\/b>. Genau so wie die Menschen, f\u00fcr die wir sie bauen.<\/p>\n<p>Bungartz als <b>erfahrene M\u00f6beltischler<\/b>\u00a0plant und fertigt jede K\u00fcche\u00a0 exakt nach Ihren W\u00fcnschen und f\u00fcr Ihren Raum. So passt Design, Material, Aufteilung und Ergonomie perfekt Ihren W\u00fcnschen an, deswegen nutzen wir jeden <b>verf\u00fcgbaren Platz in Ihrer K\u00fcche<\/b>. Sollte sich etwas im Laufe der Jahre etwas \u00e4ndern, sind Anpassungen unserer ma\u00dfgefertigten K\u00fcchen nat\u00fcrlich immer m\u00f6glich.<\/p>\n<p>&nbsp;<\/p>\n<p>[\/et_pb_text][et_pb_gallery gallery_ids=&#8220;791,790,788,793&#8243; show_title_and_caption=&#8220;off&#8220; show_pagination=&#8220;off&#8220; zoom_icon_color=&#8220;#777777&#8243; _builder_version=&#8220;3.0.98&#8243; pagination_font_size_tablet=&#8220;51&#8243; pagination_line_height_tablet=&#8220;2&#8243; global_colors_info=&#8220;{}&#8220;][\/et_pb_gallery][et_pb_text _builder_version=&#8220;4.14.1&#8243; min_height=&#8220;192px&#8220; custom_margin=&#8220;-41px|||||&#8220; custom_padding=&#8220;0px|||||&#8220; border_width_top=&#8220;1px&#8220; border_width_right=&#8220;1px&#8220; border_width_bottom=&#8220;1px&#8220; global_colors_info=&#8220;{}&#8220;]<\/p>\n<h3><span style=\"color: #ff6600;\"><strong><br \/>DIE RICHTIGE ARBEITSH\u00d6HE<\/strong><\/span><\/h3>\n<p>Wenn Sie eine neue K\u00fcche planen, sollten Sie zuerst Ihre Arbeitsabl\u00e4ufe genau bedenken. Alle wichtigen K\u00fcchenbestandteile sollten grunds\u00e4tzlich k\u00f6rpergerecht und m\u00f6glichst r\u00fcckenschonend angeordnet sein. Vor allem auf die Arbeitsh\u00f6he in Ihrer neuen K\u00fcche kommt es an. Hier sollten Sie verschiedene Arbeitsh\u00f6hen f\u00fcr Vorbereitung, Zubereitung, Sp\u00fclen usw. einplanen. Auch sollten elektrische K\u00fcchenger\u00e4te m\u00f6glichst auf Griffh\u00f6he angeordnet sein.<\/p>\n<p>[\/et_pb_text][et_pb_gallery gallery_ids=&#8220;2181,2180,2179,2178&#8243; show_title_and_caption=&#8220;off&#8220; show_pagination=&#8220;off&#8220; zoom_icon_color=&#8220;#777777&#8243; _builder_version=&#8220;4.14.1&#8243; pagination_font_size_tablet=&#8220;51&#8243; pagination_line_height_tablet=&#8220;2&#8243; global_colors_info=&#8220;{}&#8220;][\/et_pb_gallery][et_pb_text _builder_version=&#8220;4.14.1&#8243; min_height=&#8220;192px&#8220; custom_margin=&#8220;-41px|||||&#8220; custom_padding=&#8220;0px|||||&#8220; border_width_top=&#8220;1px&#8220; border_width_right=&#8220;1px&#8220; border_width_bottom=&#8220;1px&#8220; global_colors_info=&#8220;{}&#8220;]<\/p>\n<h3><span style=\"color: #ff6600;\"><strong><br \/>DIE RICHTIGE ANORDNUNG<\/strong><\/span><\/h3>\n<p>Zur richtigen Anordnung aller K\u00fcchenschr\u00e4nke, -ger\u00e4te und -utensilien bietet sich die sogenannte \u201e5-Zonen-Regel\u201c an. Demnach sollten alle K\u00fcchenbestandteile in die Bereiche Bevorraten, Aufbewahren, Sp\u00fclen, Vorbereiten und Zubereiten unterteilt sein \u2013 je nach Ihren pers\u00f6nlichen W\u00fcnschen, Gewohnheiten und Arbeitsabl\u00e4ufen.<\/p>\n<p>[\/et_pb_text][\/et_pb_column][\/et_pb_row][\/et_pb_section][et_pb_section fb_built=&#8220;1&#8243; _builder_version=&#8220;4.14.1&#8243; background_color=&#8220;#757575&#8243; min_height=&#8220;467.8px&#8220; global_colors_info=&#8220;{}&#8220;][et_pb_row _builder_version=&#8220;3.25&#8243; global_colors_info=&#8220;{}&#8220;][et_pb_column type=&#8220;4_4&#8243; _builder_version=&#8220;3.25&#8243; custom_padding=&#8220;|||&#8220; global_colors_info=&#8220;{}&#8220; custom_padding__hover=&#8220;|||&#8220;][et_pb_text _builder_version=&#8220;4.14.1&#8243; _module_preset=&#8220;default&#8220; global_colors_info=&#8220;{}&#8220;]<\/p>\n<h1 class=\"w-tabs-section-title\"><strong><span style=\"color: #008080;\"><br \/><\/span><span style=\"color: #ffffff;\">WIR REALSIEREN IHRE K\u00dcCHENT\u00c4UME<\/span><\/strong><\/h1>\n<p>[\/et_pb_text][et_pb_image src=&#8220;http:\/\/bungartz-einrichtung.de\/wp-content\/uploads\/2022\/01\/Kochen_002.jpg&#8220; title_text=&#8220;Kochen_002&#8243; show_in_lightbox=&#8220;on&#8220; align=&#8220;center&#8220; force_fullwidth=&#8220;on&#8220; align_tablet=&#8220;center&#8220; align_phone=&#8220;center&#8220; align_last_edited=&#8220;on|desktop&#8220; _builder_version=&#8220;4.14.1&#8243; box_shadow_style=&#8220;preset2&#8243; always_center_on_mobile=&#8220;on&#8220; global_colors_info=&#8220;{}&#8220;][\/et_pb_image][\/et_pb_column][\/et_pb_row][\/et_pb_section][et_pb_section fb_built=&#8220;1&#8243; _builder_version=&#8220;3.22&#8243; global_colors_info=&#8220;{}&#8220;][et_pb_row _builder_version=&#8220;3.25&#8243; global_colors_info=&#8220;{}&#8220;][et_pb_column type=&#8220;4_4&#8243; _builder_version=&#8220;3.25&#8243; custom_padding=&#8220;|||&#8220; global_colors_info=&#8220;{}&#8220; custom_padding__hover=&#8220;|||&#8220;][et_pb_text _builder_version=&#8220;4.14.1&#8243; min_height=&#8220;12px&#8220; custom_margin=&#8220;16px|||||&#8220; custom_padding=&#8220;46px||33px|||&#8220; border_width_top=&#8220;1px&#8220; border_width_right=&#8220;1px&#8220; border_width_bottom=&#8220;1px&#8220; global_colors_info=&#8220;{}&#8220;]<\/p>\n<h3><span style=\"color: #ff6600;\"><strong>DIE PERFEKTE RAUMAUSNUTZUNG<\/strong><\/span><\/h3>\n<p>Moderne K\u00fcchenschr\u00e4nke sind nicht blo\u00df Stauraum, sondern wahre Multitalente! Egal ob Designer- oder Kompaktk\u00fcche \u2013 K\u00fcchenschr\u00e4nke sind in jeder K\u00fcche oder Kochnische vorhanden. Sie sind der Grundbaustein f\u00fcr jede Form der \u00a0Traumk\u00fcche und sorgen hierf\u00fcr mit System, Stauraum und Ablagefl\u00e4chen. Deshalb verdienen sie einen zentralen Platz in der K\u00fcchenplanung und sind mitentscheidend f\u00fcr die K\u00fcchenergonomie.<\/p>\n<p>[\/et_pb_text][et_pb_gallery gallery_ids=&#8220;2447,2489,2487,2488&#8243; show_title_and_caption=&#8220;off&#8220; show_pagination=&#8220;off&#8220; zoom_icon_color=&#8220;#777777&#8243; _builder_version=&#8220;4.14.1&#8243; pagination_font_size_tablet=&#8220;51&#8243; pagination_line_height_tablet=&#8220;2&#8243; global_colors_info=&#8220;{}&#8220;][\/et_pb_gallery][et_pb_text _builder_version=&#8220;4.14.1&#8243; min_height=&#8220;192px&#8220; custom_margin=&#8220;-41px|||||&#8220; custom_padding=&#8220;0px|||||&#8220; border_width_top=&#8220;1px&#8220; border_width_right=&#8220;1px&#8220; border_width_bottom=&#8220;1px&#8220; global_colors_info=&#8220;{}&#8220;]<\/p>\n<h3><span style=\"color: #ff6600;\"><strong><br \/>INTEGRATION DER KLEINEN HELFER<\/strong><\/span><\/h3>\n<p>Vieles geht in der modernen K\u00fcche einfacher! Oft sind es jedoch die Kleinigkeiten, die in der K\u00fcchenplanung vernachl\u00e4ssigt oder ganz vergessen werden. Wo befindet sich der M\u00fclleimer? Woher kommt kochendes Wasser? Moderne Abfallsysteme, zum Beispiel unter einer kreisrunden \u00d6ffnung in der Arbeitsplatte, sind eine echte Arbeitserleichterung. Gleiches gilt f\u00fcr intelligente L\u00f6sungen,<\/p>\n<p>[\/et_pb_text][\/et_pb_column][\/et_pb_row][\/et_pb_section]<\/p>\n","protected":false},"excerpt":{"rendered":"<p>\u00a0 PLAZT NEHMEN UND WOHL F\u00dcHLEN IN IHRER TRAUMK\u00dcCHE\u00a0 &nbsp;&nbsp; In einer Welt, in der Individualit\u00e4t zunehmend an Bedeutung gewinnt, wird eine K\u00fcche immer mehr zum Ausdruck pers\u00f6nlicher Lebensstile. Sie ist heute ein Ort, an dem nicht nur kulinarische K\u00f6stlichkeiten entstehen sondern bringen Menschen an einen Tisch. Nicht selten sind sie ein zentraler Treff- und [&hellip;]<\/p>\n","protected":false},"author":1,"featured_media":0,"parent":0,"menu_order":0,"comment_status":"closed","ping_status":"closed","template":"","meta":{"_et_pb_use_builder":"on","_et_pb_old_content":"","_et_gb_content_width":""},"_links":{"self":[{"href":"https:\/\/bungartz-einrichtung.de\/index.php?rest_route=\/wp\/v2\/pages\/1372"}],"collection":[{"href":"https:\/\/bungartz-einrichtung.de\/index.php?rest_route=\/wp\/v2\/pages"}],"about":[{"href":"https:\/\/bungartz-einrichtung.de\/index.php?rest_route=\/wp\/v2\/types\/page"}],"author":[{"embeddable":true,"href":"https:\/\/bungartz-einrichtung.de\/index.php?rest_route=\/wp\/v2\/users\/1"}],"replies":[{"embeddable":true,"href":"https:\/\/bungartz-einrichtung.de\/index.php?rest_route=%2Fwp%2Fv2%2Fcomments&post=1372"}],"version-history":[{"count":62,"href":"https:\/\/bungartz-einrichtung.de\/index.php?rest_route=\/wp\/v2\/pages\/1372\/revisions"}],"predecessor-version":[{"id":2624,"href":"https:\/\/bungartz-einrichtung.de\/index.php?rest_route=\/wp\/v2\/pages\/1372\/revisions\/2624"}],"wp:attachment":[{"href":"https:\/\/bungartz-einrichtung.de\/index.php?rest_route=%2Fwp%2Fv2%2Fmedia&parent=1372"}],"curies":[{"name":"wp","href":"https:\/\/api.w.org\/{rel}","templated":true}]}}