{"id":1361,"date":"2022-01-21T10:33:55","date_gmt":"2022-01-21T10:33:55","guid":{"rendered":"https:\/\/bungartz-einrichtung.de\/?page_id=1361"},"modified":"2024-05-06T11:37:54","modified_gmt":"2024-05-06T11:37:54","slug":"bad","status":"publish","type":"page","link":"https:\/\/bungartz-einrichtung.de\/?page_id=1361","title":{"rendered":"Bad"},"content":{"rendered":"<p>[et_pb_section fb_built=&#8220;1&#8243; fullwidth=&#8220;on&#8220; _builder_version=&#8220;4.14.1&#8243; background_image=&#8220;http:\/\/bungartz-einrichtung.de\/wp-content\/uploads\/2022\/01\/Bad_01.jpg&#8220; global_colors_info=&#8220;{}&#8220;][et_pb_fullwidth_image src=&#8220;http:\/\/bungartz-einrichtung.de\/wp-content\/uploads\/2022\/03\/Bad_001.jpg&#8220; title_text=&#8220;Bad_001&#8243; _builder_version=&#8220;4.14.1&#8243; _module_preset=&#8220;default&#8220; global_colors_info=&#8220;{}&#8220;][\/et_pb_fullwidth_image][\/et_pb_section][et_pb_section fb_built=&#8220;1&#8243; _builder_version=&#8220;3.22&#8243; global_colors_info=&#8220;{}&#8220;][et_pb_row _builder_version=&#8220;4.14.1&#8243; background_size=&#8220;initial&#8220; background_position=&#8220;top_left&#8220; background_repeat=&#8220;repeat&#8220; global_colors_info=&#8220;{}&#8220;][et_pb_column type=&#8220;4_4&#8243; _builder_version=&#8220;3.25&#8243; custom_padding=&#8220;|||&#8220; global_colors_info=&#8220;{}&#8220; custom_padding__hover=&#8220;|||&#8220;][et_pb_text _builder_version=&#8220;4.14.1&#8243; _module_preset=&#8220;default&#8220; border_radii=&#8220;off||||&#8220; border_color_all=&#8220;#000000&#8243; border_style_left=&#8220;none&#8220; global_colors_info=&#8220;{}&#8220;]<\/p>\n<h1>\u00a0<\/h1>\n<h1 class=\"vc_custom_heading\"><strong>INDIVIDUELLE BADM\u00d6BEL VOM TISCHLER\u00a0<\/strong><\/h1>\n<p>[\/et_pb_text][et_pb_text _builder_version=&#8220;4.14.1&#8243; _module_preset=&#8220;default&#8220; border_width_all=&#8220;1px&#8220; border_color_all=&#8220;#000000&#8243; border_style_left=&#8220;none&#8220; global_colors_info=&#8220;{}&#8220;]<\/p>\n<p>&nbsp;<\/p>\n<p><span id=\"output-sentence~0\"><span id=\"output-word~0~0\" data-segment-position=\"0\">Ein <\/span><span id=\"output-word~0~1\" data-segment-position=\"1\">Badezimmer <\/span><span id=\"output-word~0~2\" data-segment-position=\"2\">ist <\/span><span id=\"output-word~0~3\" data-segment-position=\"3\">f\u00fcr <\/span><span id=\"output-word~0~4\" data-segment-position=\"4\">viele <\/span><span id=\"output-word~0~5\" data-segment-position=\"5\">Menschen <\/span><span id=\"output-word~0~6\" data-segment-position=\"6\">ein <\/span><span id=\"output-word~0~7\" data-segment-position=\"7\">Ort, <\/span><span id=\"output-word~0~8\" data-segment-position=\"8\">an <\/span><span id=\"output-word~0~9\" data-segment-position=\"9\">dem <\/span><span id=\"output-word~0~10\" data-segment-position=\"10\">sie <\/span><span id=\"output-word~0~11\" data-segment-position=\"11\">sich <\/span><span id=\"output-word~0~12\" data-segment-position=\"12\">besonders <\/span><span id=\"output-word~0~13\" data-segment-position=\"13\">wohl <\/span><span id=\"output-word~0~14\" data-segment-position=\"14\">f\u00fchlen <\/span><span id=\"output-word~0~15\" data-segment-position=\"15\">k\u00f6nnen.<\/span><\/span> <span id=\"output-sentence~1\"><span id=\"output-word~1~0\" data-segment-position=\"0\">Ein <\/span><span id=\"output-word~1~1\" data-segment-position=\"1\">Ort, <\/span><span id=\"output-word~1~2\" data-segment-position=\"2\">um <\/span><span id=\"output-word~1~3\" data-segment-position=\"10\">sich <\/span><span id=\"output-word~1~4\" data-segment-position=\"11\">zu <\/span><span id=\"output-word~1~5\" data-segment-position=\"5\">entspannen <\/span><span id=\"output-word~1~6\" data-segment-position=\"6\">und <\/span><span id=\"output-word~1~7\" data-segment-position=\"7\">etwas <\/span><span id=\"output-word~1~8\" data-segment-position=\"8\">Gutes <\/span><span id=\"output-word~1~9\" data-segment-position=\"9\">f\u00fcr <\/span><span id=\"output-word~1~10\" data-segment-position=\"10\">sich <\/span><span id=\"output-word~1~11\" data-segment-position=\"11\">zu <\/span><span id=\"output-word~1~12\" data-segment-position=\"12\">tun.<\/span><\/span> <span id=\"output-sentence~2\"><span id=\"output-word~2~0\" data-segment-position=\"0\">Holz <\/span><span id=\"output-word~2~1\" data-segment-position=\"1\">ist <\/span><span id=\"output-word~2~2\" data-segment-position=\"2\">kaum <\/span><span id=\"output-word~2~3\" data-segment-position=\"3\">ein <\/span><span id=\"output-word~2~4\" data-segment-position=\"4\">anderes <\/span><span id=\"output-word~2~5\" data-segment-position=\"5\">Material, <\/span><span id=\"output-word~2~6\" data-segment-position=\"6\">das <\/span><span id=\"output-word~2~7\" data-segment-position=\"7\">mehr <\/span><span id=\"output-word~2~8\" data-segment-position=\"8\">W\u00e4rme <\/span><span id=\"output-word~2~9\" data-segment-position=\"9\">und <\/span><span id=\"output-word~2~10\" data-segment-position=\"10\">Wohlgef\u00fchl <\/span><span id=\"output-word~2~11\" data-segment-position=\"11\">verbreitet.<\/span><\/span> <span id=\"output-sentence~3\"><strong><span id=\"output-word~3~0\" data-segment-position=\"0\">Echtholz-Badm\u00f6bel <\/span><\/strong><span id=\"output-word~3~1\" data-segment-position=\"1\">sorgen <\/span><span id=\"output-word~3~2\" data-segment-position=\"2\">nicht <\/span><span id=\"output-word~3~3\" data-segment-position=\"3\">nur <\/span><span id=\"output-word~3~4\" data-segment-position=\"4\">f\u00fcr <\/span><span id=\"output-word~3~5\" data-segment-position=\"5\">eine <\/span><span id=\"output-word~3~6\" data-segment-position=\"6\">spezielle <\/span><span id=\"output-word~3~7\" data-segment-position=\"7\">Stimmung, <\/span><span id=\"output-word~3~8\" data-segment-position=\"8\">sondern <\/span><span id=\"output-word~3~9\" data-segment-position=\"9\">haben <\/span><span id=\"output-word~3~10\" data-segment-position=\"10\">auch <\/span><span id=\"output-word~3~11\" data-segment-position=\"11\">die <\/span><span id=\"output-word~3~12\" data-segment-position=\"12\">F\u00e4higkeit, <\/span><span id=\"output-word~3~13\" data-segment-position=\"13\">das <\/span><span id=\"output-word~3~14\" data-segment-position=\"14\">Raumklima <\/span><span id=\"output-word~3~15\" data-segment-position=\"15\">positiv <\/span><span id=\"output-word~3~16\" data-segment-position=\"16\">zu <\/span><span id=\"output-word~3~17\" data-segment-position=\"17\">beeinflussen.<\/span><\/span> <span id=\"output-sentence~4\"><span id=\"output-word~4~0\" data-segment-position=\"0\"><strong>Echtholz<\/strong> <\/span><span id=\"output-word~4~1\" data-segment-position=\"1\">kann <\/span><span id=\"output-word~4~2\" data-segment-position=\"2\">auch <\/span><span id=\"output-word~4~3\" data-segment-position=\"3\">als <\/span><span id=\"output-word~4~4\" data-segment-position=\"4\">wasserabweisender <\/span><span id=\"output-word~4~5\" data-segment-position=\"5\">Bodenbelag <\/span><span id=\"output-word~4~6\" data-segment-position=\"6\">verlegt <\/span><span id=\"output-word~4~7\" data-segment-position=\"7\">und <\/span><span id=\"output-word~4~8\" data-segment-position=\"8\">behandelt <\/span><span id=\"output-word~4~9\" data-segment-position=\"9\">werden, <\/span><span id=\"output-word~4~10\" data-segment-position=\"10\">genauso <\/span><span id=\"output-word~4~11\" data-segment-position=\"11\">wie <\/span><span id=\"output-word~4~12\" data-segment-position=\"12\">Fliesen <\/span><span id=\"output-word~4~13\" data-segment-position=\"13\">oder <\/span><span id=\"output-word~4~14\" data-segment-position=\"14\">Stein.<\/span><\/span> <span id=\"output-sentence~5\"><span id=\"output-word~5~0\" data-segment-position=\"0\">Dank <\/span><span id=\"output-word~5~1\" data-segment-position=\"1\">unterschiedlicher <\/span><span id=\"output-word~5~2\" data-segment-position=\"2\">Materialien <\/span><span id=\"output-word~5~3\" data-segment-position=\"3\">und <\/span><span id=\"output-word~5~4\" data-segment-position=\"4\">moderner <\/span><span id=\"output-word~5~5\" data-segment-position=\"5\">Herstellungsverfahren <\/span><span id=\"output-word~5~6\" data-segment-position=\"6\">ist <\/span><span id=\"output-word~5~7\" data-segment-position=\"7\">die <\/span><span id=\"output-word~5~8\" data-segment-position=\"8\">Vorstellung, <\/span><span id=\"output-word~5~9\" data-segment-position=\"9\">dass <\/span><span id=\"output-word~5~10\" data-segment-position=\"10\">Holzm\u00f6bel <\/span><span id=\"output-word~5~11\" data-segment-position=\"11\">nicht <\/span><span id=\"output-word~5~12\" data-segment-position=\"12\">mit <\/span><span id=\"output-word~5~13\" data-segment-position=\"13\">dem <\/span><span id=\"output-word~5~14\" data-segment-position=\"14\">feuchten <\/span><span id=\"output-word~5~15\" data-segment-position=\"15\">Klima <\/span><span id=\"output-word~5~16\" data-segment-position=\"16\">in <\/span><span id=\"output-word~5~17\" data-segment-position=\"17\">Badezimmern <\/span><span id=\"output-word~5~18\" data-segment-position=\"18\">fertig <\/span><span id=\"output-word~5~19\" data-segment-position=\"19\">sind, <\/span><span id=\"output-word~5~20\" data-segment-position=\"20\">l\u00e4ngst <\/span><span id=\"output-word~5~21\" data-segment-position=\"21\">veraltet.<\/span><\/span> <span id=\"output-sentence~6\"><span id=\"output-word~6~0\" data-segment-position=\"0\">Unsere <\/span><strong><span id=\"output-word~6~1\" data-segment-position=\"1\">erstklassigen <\/span><span id=\"output-word~6~2\" data-segment-position=\"2\">Badm\u00f6bel, <\/span><span id=\"output-word~6~3\" data-segment-position=\"3\">die <\/span><span id=\"output-word~6~4\" data-segment-position=\"15\">aus <\/span><span id=\"output-word~6~5\" data-segment-position=\"5\">Massivholz <\/span><span id=\"output-word~6~6\" data-segment-position=\"6\">oder <\/span><span id=\"output-word~6~7\" data-segment-position=\"7\">Plattenwerkstoffen <\/span><\/strong><span id=\"output-word~6~8\" data-segment-position=\"8\">mit <\/span><span id=\"output-word~6~9\" data-segment-position=\"9\">PU-Verleimung <\/span><span id=\"output-word~6~10\" data-segment-position=\"10\">hergestellt <\/span><span id=\"output-word~6~11\" data-segment-position=\"11\">werden, <\/span><span id=\"output-word~6~12\" data-segment-position=\"12\">sind <\/span><span id=\"output-word~6~13\" data-segment-position=\"13\">ideal, <\/span><span id=\"output-word~6~14\" data-segment-position=\"14\">um <\/span><span id=\"output-word~6~15\" data-segment-position=\"15\">aus <\/span><span id=\"output-word~6~16\" data-segment-position=\"16\">jedem <\/span><span id=\"output-word~6~17\" data-segment-position=\"17\">Badezimmer <\/span><span id=\"output-word~6~18\" data-segment-position=\"18\">eine <\/span><span id=\"output-word~6~19\" data-segment-position=\"19\">individuelle <\/span><span id=\"output-word~6~20\" data-segment-position=\"20\">Wellnessoase <\/span><span id=\"output-word~6~21\" data-segment-position=\"21\">zu <\/span><span id=\"output-word~6~22\" data-segment-position=\"22\">gestalten.<\/span><\/span> <span id=\"output-sentence~7\"><span id=\"output-word~7~0\" data-segment-position=\"0\">Geben <\/span><span id=\"output-word~7~1\" data-segment-position=\"7\">Sie <\/span><span id=\"output-word~7~2\" data-segment-position=\"2\">uns <\/span><span id=\"output-word~7~3\" data-segment-position=\"3\">einen <\/span><span id=\"output-word~7~4\" data-segment-position=\"4\">Ratschlag <\/span><span id=\"output-word~7~5\" data-segment-position=\"5\">und <\/span><span id=\"output-word~7~6\" data-segment-position=\"6\">erleben <\/span><span id=\"output-word~7~7\" data-segment-position=\"7\">Sie <\/span><span id=\"output-word~7~8\" data-segment-position=\"8\">bald <\/span><span id=\"output-word~7~9\" data-segment-position=\"9\">das <\/span><span id=\"output-word~7~10\" data-segment-position=\"10\">ganz <\/span><span id=\"output-word~7~11\" data-segment-position=\"11\">Besondere.<\/span><\/span><\/p>\n<p>&nbsp;<\/p>\n<p>[\/et_pb_text][\/et_pb_column][\/et_pb_row][\/et_pb_section][et_pb_section fb_built=&#8220;1&#8243; _builder_version=&#8220;4.14.1&#8243; background_color=&#8220;#757575&#8243; global_colors_info=&#8220;{}&#8220;][et_pb_row _builder_version=&#8220;4.14.1&#8243; background_size=&#8220;initial&#8220; background_position=&#8220;top_left&#8220; background_repeat=&#8220;repeat&#8220; global_colors_info=&#8220;{}&#8220;][et_pb_column type=&#8220;4_4&#8243; _builder_version=&#8220;3.25&#8243; custom_padding=&#8220;|||&#8220; global_colors_info=&#8220;{}&#8220; custom_padding__hover=&#8220;|||&#8220;][et_pb_text _builder_version=&#8220;4.14.1&#8243; _module_preset=&#8220;default&#8220; background_color=&#8220;RGBA(255,255,255,0)&#8220; hover_enabled=&#8220;0&#8243; global_colors_info=&#8220;{}&#8220; sticky_enabled=&#8220;0&#8243;]<\/p>\n<h1><strong><span style=\"color: #ffffff;\">WIR BRINGEN IHR BAD ins LEBEN.<\/span><\/strong><\/h1>\n<p>[\/et_pb_text][\/et_pb_column][\/et_pb_row][\/et_pb_section][et_pb_section fb_built=&#8220;1&#8243; _builder_version=&#8220;4.14.1&#8243; background_color=&#8220;#919191&#8243; global_colors_info=&#8220;{}&#8220;][et_pb_row _builder_version=&#8220;4.14.1&#8243; background_size=&#8220;initial&#8220; background_position=&#8220;top_left&#8220; background_repeat=&#8220;repeat&#8220; global_colors_info=&#8220;{}&#8220;][et_pb_column type=&#8220;4_4&#8243; _builder_version=&#8220;3.25&#8243; custom_padding=&#8220;|||&#8220; global_colors_info=&#8220;{}&#8220; custom_padding__hover=&#8220;|||&#8220;][et_pb_gallery gallery_ids=&#8220;2532,2533,2534,2535,1605,1604,1603,2541&#8243; posts_number=&#8220;8&#8243; show_title_and_caption=&#8220;off&#8220; show_pagination=&#8220;off&#8220; _builder_version=&#8220;4.14.1&#8243; _module_preset=&#8220;default&#8220; global_colors_info=&#8220;{}&#8220;][\/et_pb_gallery][\/et_pb_column][\/et_pb_row][\/et_pb_section]<\/p>\n","protected":false},"excerpt":{"rendered":"<p>\u00a0 INDIVIDUELLE BADM\u00d6BEL VOM TISCHLER\u00a0&nbsp; Ein Badezimmer ist f\u00fcr viele Menschen ein Ort, an dem sie sich besonders wohl f\u00fchlen k\u00f6nnen. Ein Ort, um sich zu entspannen und etwas Gutes f\u00fcr sich zu tun. Holz ist kaum ein anderes Material, das mehr W\u00e4rme und Wohlgef\u00fchl verbreitet. Echtholz-Badm\u00f6bel sorgen nicht nur f\u00fcr eine spezielle Stimmung, sondern [&hellip;]<\/p>\n","protected":false},"author":1,"featured_media":0,"parent":346,"menu_order":1,"comment_status":"closed","ping_status":"closed","template":"","meta":{"_et_pb_use_builder":"on","_et_pb_old_content":"<h1><strong>Diese Seite befindet sich zur Zeit im Aufbau und wird in den n\u00e4chsten Tagen aktualisiert. Schauen Sie doch demn\u00e4chst nochmal vorbei.<\/strong><\/h1>","_et_gb_content_width":""},"_links":{"self":[{"href":"https:\/\/bungartz-einrichtung.de\/index.php?rest_route=\/wp\/v2\/pages\/1361"}],"collection":[{"href":"https:\/\/bungartz-einrichtung.de\/index.php?rest_route=\/wp\/v2\/pages"}],"about":[{"href":"https:\/\/bungartz-einrichtung.de\/index.php?rest_route=\/wp\/v2\/types\/page"}],"author":[{"embeddable":true,"href":"https:\/\/bungartz-einrichtung.de\/index.php?rest_route=\/wp\/v2\/users\/1"}],"replies":[{"embeddable":true,"href":"https:\/\/bungartz-einrichtung.de\/index.php?rest_route=%2Fwp%2Fv2%2Fcomments&post=1361"}],"version-history":[{"count":40,"href":"https:\/\/bungartz-einrichtung.de\/index.php?rest_route=\/wp\/v2\/pages\/1361\/revisions"}],"predecessor-version":[{"id":2630,"href":"https:\/\/bungartz-einrichtung.de\/index.php?rest_route=\/wp\/v2\/pages\/1361\/revisions\/2630"}],"up":[{"embeddable":true,"href":"https:\/\/bungartz-einrichtung.de\/index.php?rest_route=\/wp\/v2\/pages\/346"}],"wp:attachment":[{"href":"https:\/\/bungartz-einrichtung.de\/index.php?rest_route=%2Fwp%2Fv2%2Fmedia&parent=1361"}],"curies":[{"name":"wp","href":"https:\/\/api.w.org\/{rel}","templated":true}]}}